{"id":2038,"date":"2022-05-23T15:03:41","date_gmt":"2022-05-23T15:03:41","guid":{"rendered":"https:\/\/tannoushrsolutions.ca\/temoignages\/"},"modified":"2022-06-09T14:39:34","modified_gmt":"2022-06-09T14:39:34","slug":"temoignages","status":"publish","type":"page","link":"https:\/\/tannoushrsolutions.ca\/fr\/temoignages\/","title":{"rendered":"T\u00e9moignages"},"content":{"rendered":"\t\t<div data-elementor-type=\"wp-page\" data-elementor-id=\"2038\" class=\"elementor elementor-2038\" data-elementor-post-type=\"page\">\n\t\t\t\t\t\t<section class=\"elementor-section elementor-top-section elementor-element elementor-element-382403c elementor-section-boxed elementor-section-height-default elementor-section-height-default\" data-id=\"382403c\" data-element_type=\"section\" data-settings=\"{&quot;background_background&quot;:&quot;classic&quot;}\">\n\t\t\t\t\t\t<div class=\"elementor-container elementor-column-gap-default\">\n\t\t\t\t\t<div class=\"elementor-column elementor-col-50 elementor-top-column elementor-element elementor-element-3305f15\" data-id=\"3305f15\" data-element_type=\"column\">\n\t\t\t<div class=\"elementor-widget-wrap elementor-element-populated\">\n\t\t\t\t\t\t<div class=\"elementor-element elementor-element-b1fd017 elementor-widget elementor-widget-heading\" data-id=\"b1fd017\" data-element_type=\"widget\" data-widget_type=\"heading.default\">\n\t\t\t\t<div class=\"elementor-widget-container\">\n\t\t\t\t\t<h1 class=\"elementor-heading-title elementor-size-default\">T\u00e9moignages<\/h1>\t\t\t\t<\/div>\n\t\t\t\t<\/div>\n\t\t\t\t<div class=\"elementor-element elementor-element-a714144 bar elementor-widget elementor-widget-heading\" data-id=\"a714144\" data-element_type=\"widget\" data-widget_type=\"heading.default\">\n\t\t\t\t<div class=\"elementor-widget-container\">\n\t\t\t\t\t<p class=\"elementor-heading-title elementor-size-default\">Nos clients sont nos priorit\u00e9s et nous nous effor\u00e7ons de d\u00e9passer les attentes de nos clients.<\/p>\t\t\t\t<\/div>\n\t\t\t\t<\/div>\n\t\t\t\t\t<\/div>\n\t\t<\/div>\n\t\t\t\t<div class=\"elementor-column elementor-col-50 elementor-top-column elementor-element elementor-element-c9d8c19\" data-id=\"c9d8c19\" data-element_type=\"column\">\n\t\t\t<div class=\"elementor-widget-wrap elementor-element-populated\">\n\t\t\t\t\t\t<div class=\"elementor-element elementor-element-c1057f5 elementor-widget elementor-widget-image\" data-id=\"c1057f5\" data-element_type=\"widget\" data-widget_type=\"image.default\">\n\t\t\t\t<div class=\"elementor-widget-container\">\n\t\t\t\t\t\t\t\t\t\t\t\t\t\t\t<img fetchpriority=\"high\" decoding=\"async\" width=\"570\" height=\"380\" src=\"https:\/\/tannoushrsolutions.ca\/wp-content\/uploads\/2022\/05\/Testimonail-Hero-img.jpg\" class=\"attachment-large size-large wp-image-483\" alt=\"\" srcset=\"https:\/\/tannoushrsolutions.ca\/wp-content\/uploads\/2022\/05\/Testimonail-Hero-img.jpg 570w, https:\/\/tannoushrsolutions.ca\/wp-content\/uploads\/2022\/05\/Testimonail-Hero-img-300x200.jpg 300w\" sizes=\"(max-width: 570px) 100vw, 570px\" \/>\t\t\t\t\t\t\t\t\t\t\t\t\t\t\t<\/div>\n\t\t\t\t<\/div>\n\t\t\t\t\t<\/div>\n\t\t<\/div>\n\t\t\t\t\t<\/div>\n\t\t<\/section>\n\t\t\t\t<section class=\"elementor-section elementor-top-section elementor-element elementor-element-999202f elementor-section-boxed elementor-section-height-default elementor-section-height-default\" data-id=\"999202f\" data-element_type=\"section\">\n\t\t\t\t\t\t<div class=\"elementor-container elementor-column-gap-default\">\n\t\t\t\t\t<div class=\"elementor-column elementor-col-100 elementor-top-column elementor-element elementor-element-a81d073\" data-id=\"a81d073\" data-element_type=\"column\">\n\t\t\t<div class=\"elementor-widget-wrap elementor-element-populated\">\n\t\t\t\t\t\t<div class=\"elementor-element elementor-element-66c576a elementor-widget elementor-widget-heading\" data-id=\"66c576a\" data-element_type=\"widget\" data-widget_type=\"heading.default\">\n\t\t\t\t<div class=\"elementor-widget-container\">\n\t\t\t\t\t<h2 class=\"elementor-heading-title elementor-size-default\">t\u00e9moignages<\/h2>\t\t\t\t<\/div>\n\t\t\t\t<\/div>\n\t\t\t\t<div class=\"elementor-element elementor-element-f531ae7 elementor-widget-divider--view-line elementor-widget elementor-widget-divider\" data-id=\"f531ae7\" data-element_type=\"widget\" data-widget_type=\"divider.default\">\n\t\t\t\t<div class=\"elementor-widget-container\">\n\t\t\t\t\t\t\t<div class=\"elementor-divider\">\n\t\t\t<span class=\"elementor-divider-separator\">\n\t\t\t\t\t\t<\/span>\n\t\t<\/div>\n\t\t\t\t\t\t<\/div>\n\t\t\t\t<\/div>\n\t\t\t\t<div class=\"elementor-element elementor-element-b9bff05 elementor-widget elementor-widget-heading\" data-id=\"b9bff05\" data-element_type=\"widget\" data-widget_type=\"heading.default\">\n\t\t\t\t<div class=\"elementor-widget-container\">\n\t\t\t\t\t<p class=\"elementor-heading-title elementor-size-default\">Voici ce que nos clients disent de Tannous HR Solutions<\/p>\t\t\t\t<\/div>\n\t\t\t\t<\/div>\n\t\t\t\t\t<\/div>\n\t\t<\/div>\n\t\t\t\t\t<\/div>\n\t\t<\/section>\n\t\t\t\t<section class=\"elementor-section elementor-top-section elementor-element elementor-element-35f920a elementor-section-boxed elementor-section-height-default elementor-section-height-default\" data-id=\"35f920a\" data-element_type=\"section\">\n\t\t\t\t\t\t<div class=\"elementor-container elementor-column-gap-default\">\n\t\t\t\t\t<div class=\"elementor-column elementor-col-100 elementor-top-column elementor-element elementor-element-2a07e69\" data-id=\"2a07e69\" data-element_type=\"column\">\n\t\t\t<div class=\"elementor-widget-wrap elementor-element-populated\">\n\t\t\t\t\t\t<section class=\"elementor-section elementor-inner-section elementor-element elementor-element-d65c2d1 elementor-section-boxed elementor-section-height-default elementor-section-height-default\" data-id=\"d65c2d1\" data-element_type=\"section\">\n\t\t\t\t\t\t<div class=\"elementor-container elementor-column-gap-default\">\n\t\t\t\t\t<div class=\"elementor-column elementor-col-50 elementor-inner-column elementor-element elementor-element-e2b84b6\" data-id=\"e2b84b6\" data-element_type=\"column\">\n\t\t\t<div class=\"elementor-widget-wrap elementor-element-populated\">\n\t\t\t\t\t\t<div class=\"elementor-element elementor-element-406319f elementor-position-left first elementor-vertical-align-top elementor-widget elementor-widget-image-box\" data-id=\"406319f\" data-element_type=\"widget\" data-widget_type=\"image-box.default\">\n\t\t\t\t<div class=\"elementor-widget-container\">\n\t\t\t\t\t<div class=\"elementor-image-box-wrapper\"><figure class=\"elementor-image-box-img\"><img decoding=\"async\" width=\"2077\" height=\"2560\" src=\"https:\/\/tannoushrsolutions.ca\/wp-content\/uploads\/2022\/05\/Karl-Co\u0302me-Corneille-scaled.jpg\" class=\"attachment-full size-full wp-image-1486\" alt=\"\" srcset=\"https:\/\/tannoushrsolutions.ca\/wp-content\/uploads\/2022\/05\/Karl-Co\u0302me-Corneille-scaled.jpg 2077w, https:\/\/tannoushrsolutions.ca\/wp-content\/uploads\/2022\/05\/Karl-Co\u0302me-Corneille-243x300.jpg 243w\" sizes=\"(max-width: 2077px) 100vw, 2077px\" \/><\/figure><div class=\"elementor-image-box-content\"><p class=\"elementor-image-box-title\">Elsa de THS est un partenaire de recrutement efficace ! Du d\u00e9but \u00e0 la fin de la collaboration, elle est attentive et disponible et assure un suivi de qualit\u00e9.<\/p><p class=\"elementor-image-box-description\"><b>Karl C\u00f4me-Corneille - <\/b> Eidos Montr\u00e9al<\/p><\/div><\/div>\t\t\t\t<\/div>\n\t\t\t\t<\/div>\n\t\t\t\t\t<\/div>\n\t\t<\/div>\n\t\t\t\t<div class=\"elementor-column elementor-col-50 elementor-inner-column elementor-element elementor-element-ad65be0\" data-id=\"ad65be0\" data-element_type=\"column\">\n\t\t\t<div class=\"elementor-widget-wrap elementor-element-populated\">\n\t\t\t\t\t\t<div class=\"elementor-element elementor-element-5de8b63 elementor-position-left second elementor-vertical-align-top elementor-widget elementor-widget-image-box\" data-id=\"5de8b63\" data-element_type=\"widget\" data-widget_type=\"image-box.default\">\n\t\t\t\t<div class=\"elementor-widget-container\">\n\t\t\t\t\t<div class=\"elementor-image-box-wrapper\"><figure class=\"elementor-image-box-img\"><img decoding=\"async\" width=\"2077\" height=\"2560\" src=\"https:\/\/tannoushrsolutions.ca\/wp-content\/uploads\/2022\/05\/Talya-Paz-Tremblay-Mallat-scaled.jpg\" class=\"attachment-full size-full wp-image-1487\" alt=\"\" srcset=\"https:\/\/tannoushrsolutions.ca\/wp-content\/uploads\/2022\/05\/Talya-Paz-Tremblay-Mallat-scaled.jpg 2077w, https:\/\/tannoushrsolutions.ca\/wp-content\/uploads\/2022\/05\/Talya-Paz-Tremblay-Mallat-243x300.jpg 243w\" sizes=\"(max-width: 2077px) 100vw, 2077px\" \/><\/figure><div class=\"elementor-image-box-content\"><p class=\"elementor-image-box-title\">Je travaille avec Elsa de Tannous HR Solutions depuis plus d'un an, et elle nous a beaucoup aid\u00e9s \u00e0 360Agency ! Elsa a une excellente \u00e9thique de travail et est tr\u00e8s fiable.  <\/p><p class=\"elementor-image-box-description\"><b>Talya-Paz Tremblay Mallat - <\/b> Agence 360.<\/p><\/div><\/div>\t\t\t\t<\/div>\n\t\t\t\t<\/div>\n\t\t\t\t\t<\/div>\n\t\t<\/div>\n\t\t\t\t\t<\/div>\n\t\t<\/section>\n\t\t\t\t<section class=\"elementor-section elementor-inner-section elementor-element elementor-element-5b9505c elementor-section-boxed elementor-section-height-default elementor-section-height-default\" data-id=\"5b9505c\" data-element_type=\"section\">\n\t\t\t\t\t\t<div class=\"elementor-container elementor-column-gap-default\">\n\t\t\t\t\t<div class=\"elementor-column elementor-col-50 elementor-inner-column elementor-element elementor-element-937f6ff\" data-id=\"937f6ff\" data-element_type=\"column\">\n\t\t\t<div class=\"elementor-widget-wrap elementor-element-populated\">\n\t\t\t\t\t\t<div class=\"elementor-element elementor-element-83007a9 elementor-position-left third elementor-vertical-align-top elementor-widget elementor-widget-image-box\" data-id=\"83007a9\" data-element_type=\"widget\" data-widget_type=\"image-box.default\">\n\t\t\t\t<div class=\"elementor-widget-container\">\n\t\t\t\t\t<div class=\"elementor-image-box-wrapper\"><figure class=\"elementor-image-box-img\"><img loading=\"lazy\" decoding=\"async\" width=\"1059\" height=\"1305\" src=\"https:\/\/tannoushrsolutions.ca\/wp-content\/uploads\/2022\/06\/Se\u0301bastien-Lamarre-Askida.png\" class=\"attachment-full size-full wp-image-1661\" alt=\"\" srcset=\"https:\/\/tannoushrsolutions.ca\/wp-content\/uploads\/2022\/06\/Se\u0301bastien-Lamarre-Askida.png 1059w, https:\/\/tannoushrsolutions.ca\/wp-content\/uploads\/2022\/06\/Se\u0301bastien-Lamarre-Askida-243x300.png 243w, https:\/\/tannoushrsolutions.ca\/wp-content\/uploads\/2022\/06\/Se\u0301bastien-Lamarre-Askida-831x1024.png 831w, https:\/\/tannoushrsolutions.ca\/wp-content\/uploads\/2022\/06\/Se\u0301bastien-Lamarre-Askida-768x946.png 768w\" sizes=\"(max-width: 1059px) 100vw, 1059px\" \/><\/figure><div class=\"elementor-image-box-content\"><p class=\"elementor-image-box-title\">Depuis plusieurs mois, le d\u00e9partement technologique dont je m'occupe chez Askida recherchait un d\u00e9veloppeur Java pour mettre en \u0153uvre des projets. Apr\u00e8s plusieurs recherches, j'ai finalement appel\u00e9 Tannous HR Solutions.<\/p><p class=\"elementor-image-box-description\"><b>S\u00e9bastien Lamarre - <\/b> Askida<\/p><\/div><\/div>\t\t\t\t<\/div>\n\t\t\t\t<\/div>\n\t\t\t\t\t<\/div>\n\t\t<\/div>\n\t\t\t\t<div class=\"elementor-column elementor-col-50 elementor-inner-column elementor-element elementor-element-a1a91d6\" data-id=\"a1a91d6\" data-element_type=\"column\">\n\t\t\t<div class=\"elementor-widget-wrap elementor-element-populated\">\n\t\t\t\t\t\t<div class=\"elementor-element elementor-element-d3b003e elementor-position-left fourth elementor-vertical-align-top elementor-widget elementor-widget-image-box\" data-id=\"d3b003e\" data-element_type=\"widget\" data-widget_type=\"image-box.default\">\n\t\t\t\t<div class=\"elementor-widget-container\">\n\t\t\t\t\t<div class=\"elementor-image-box-wrapper\"><figure class=\"elementor-image-box-img\"><img loading=\"lazy\" decoding=\"async\" width=\"1059\" height=\"1305\" src=\"https:\/\/tannoushrsolutions.ca\/wp-content\/uploads\/2022\/06\/Aboubacrine-Toure-NGO-Ciaud.png\" class=\"attachment-full size-full wp-image-1662\" alt=\"\" srcset=\"https:\/\/tannoushrsolutions.ca\/wp-content\/uploads\/2022\/06\/Aboubacrine-Toure-NGO-Ciaud.png 1059w, https:\/\/tannoushrsolutions.ca\/wp-content\/uploads\/2022\/06\/Aboubacrine-Toure-NGO-Ciaud-243x300.png 243w, https:\/\/tannoushrsolutions.ca\/wp-content\/uploads\/2022\/06\/Aboubacrine-Toure-NGO-Ciaud-831x1024.png 831w, https:\/\/tannoushrsolutions.ca\/wp-content\/uploads\/2022\/06\/Aboubacrine-Toure-NGO-Ciaud-768x946.png 768w\" sizes=\"(max-width: 1059px) 100vw, 1059px\" \/><\/figure><div class=\"elementor-image-box-content\"><p class=\"elementor-image-box-title\">J'ai d\u00e9couvert Tannous HR Solutions lorsque je cherchais un emploi correspondant \u00e0 mes aspirations. Je tiens \u00e0 recommander ses comp\u00e9tences \u00e0 toute personne qui cherche un soutien pour mieux se positionner sur le march\u00e9 du travail.<\/p><p class=\"elementor-image-box-description\"><b>Aboubacrine Toure<\/b> - ONG Ciaud<\/p><\/div><\/div>\t\t\t\t<\/div>\n\t\t\t\t<\/div>\n\t\t\t\t\t<\/div>\n\t\t<\/div>\n\t\t\t\t\t<\/div>\n\t\t<\/section>\n\t\t\t\t<section class=\"elementor-section elementor-inner-section elementor-element elementor-element-296dd29 elementor-section-boxed elementor-section-height-default elementor-section-height-default\" data-id=\"296dd29\" data-element_type=\"section\">\n\t\t\t\t\t\t<div class=\"elementor-container elementor-column-gap-default\">\n\t\t\t\t\t<div class=\"elementor-column elementor-col-50 elementor-inner-column elementor-element elementor-element-720e98b\" data-id=\"720e98b\" data-element_type=\"column\">\n\t\t\t<div class=\"elementor-widget-wrap elementor-element-populated\">\n\t\t\t\t\t\t<div class=\"elementor-element elementor-element-ddf5a50 elementor-position-left fifth elementor-vertical-align-top elementor-widget elementor-widget-image-box\" data-id=\"ddf5a50\" data-element_type=\"widget\" data-widget_type=\"image-box.default\">\n\t\t\t\t<div class=\"elementor-widget-container\">\n\t\t\t\t\t<div class=\"elementor-image-box-wrapper\"><figure class=\"elementor-image-box-img\"><img loading=\"lazy\" decoding=\"async\" width=\"1059\" height=\"1305\" src=\"https:\/\/tannoushrsolutions.ca\/wp-content\/uploads\/2022\/06\/Priscille-Pana-Canadian-Centre-on-Substance-Abuse-Public-Health-Research-Analyst.jpg\" class=\"attachment-full size-full wp-image-1664\" alt=\"\" srcset=\"https:\/\/tannoushrsolutions.ca\/wp-content\/uploads\/2022\/06\/Priscille-Pana-Canadian-Centre-on-Substance-Abuse-Public-Health-Research-Analyst.jpg 1059w, https:\/\/tannoushrsolutions.ca\/wp-content\/uploads\/2022\/06\/Priscille-Pana-Canadian-Centre-on-Substance-Abuse-Public-Health-Research-Analyst-243x300.jpg 243w, https:\/\/tannoushrsolutions.ca\/wp-content\/uploads\/2022\/06\/Priscille-Pana-Canadian-Centre-on-Substance-Abuse-Public-Health-Research-Analyst-831x1024.jpg 831w, https:\/\/tannoushrsolutions.ca\/wp-content\/uploads\/2022\/06\/Priscille-Pana-Canadian-Centre-on-Substance-Abuse-Public-Health-Research-Analyst-768x946.jpg 768w\" sizes=\"(max-width: 1059px) 100vw, 1059px\" \/><\/figure><div class=\"elementor-image-box-content\"><p class=\"elementor-image-box-title\">Tannous HR Solutions m'a encadr\u00e9 juste apr\u00e8s l'obtention de mon dipl\u00f4me. Ils ont pu me guider dans la prise de d\u00e9cisions importantes pour ma carri\u00e8re et m'ont permis de travailler sur ma confiance en moi.  <\/p><p class=\"elementor-image-box-description\"><b>Priscille Pana - <\/b> Centre canadien de lutte contre l'alcoolisme et les toxicomanies<\/p><\/div><\/div>\t\t\t\t<\/div>\n\t\t\t\t<\/div>\n\t\t\t\t\t<\/div>\n\t\t<\/div>\n\t\t\t\t<div class=\"elementor-column elementor-col-50 elementor-inner-column elementor-element elementor-element-9e894a6\" data-id=\"9e894a6\" data-element_type=\"column\">\n\t\t\t<div class=\"elementor-widget-wrap elementor-element-populated\">\n\t\t\t\t\t\t<div class=\"elementor-element elementor-element-114838a elementor-position-left sixth elementor-vertical-align-top elementor-widget elementor-widget-image-box\" data-id=\"114838a\" data-element_type=\"widget\" data-widget_type=\"image-box.default\">\n\t\t\t\t<div class=\"elementor-widget-container\">\n\t\t\t\t\t<div class=\"elementor-image-box-wrapper\"><figure class=\"elementor-image-box-img\"><a href=\"https:\/\/tannoushrsolutions.ca\/fr\/?page_id=2029\" tabindex=\"-1\"><img loading=\"lazy\" decoding=\"async\" width=\"1059\" height=\"1305\" src=\"https:\/\/tannoushrsolutions.ca\/wp-content\/uploads\/2022\/06\/Priscille-Pana-Canadian-Centre-on-Substance-Abuse-Public-Health-Research-Analyst-1.jpg\" class=\"attachment-full size-full wp-image-1769\" alt=\"\" srcset=\"https:\/\/tannoushrsolutions.ca\/wp-content\/uploads\/2022\/06\/Priscille-Pana-Canadian-Centre-on-Substance-Abuse-Public-Health-Research-Analyst-1.jpg 1059w, https:\/\/tannoushrsolutions.ca\/wp-content\/uploads\/2022\/06\/Priscille-Pana-Canadian-Centre-on-Substance-Abuse-Public-Health-Research-Analyst-1-243x300.jpg 243w, https:\/\/tannoushrsolutions.ca\/wp-content\/uploads\/2022\/06\/Priscille-Pana-Canadian-Centre-on-Substance-Abuse-Public-Health-Research-Analyst-1-831x1024.jpg 831w, https:\/\/tannoushrsolutions.ca\/wp-content\/uploads\/2022\/06\/Priscille-Pana-Canadian-Centre-on-Substance-Abuse-Public-Health-Research-Analyst-1-768x946.jpg 768w\" sizes=\"(max-width: 1059px) 100vw, 1059px\" \/><\/a><\/figure><div class=\"elementor-image-box-content\"><p class=\"elementor-image-box-title\"><a href=\"https:\/\/tannoushrsolutions.ca\/fr\/?page_id=2029\"><span data-comment-ids=\"834652416\" data-comment-unresolved-ids=\"\">THS sont efficaces ! Je re\u00e7ois des CV rapidement apr\u00e8s la premi\u00e8re analyse de mon offre d'emploi. La communication est excellente et tr\u00e8s rapide, de sorte que je ne manque pas l'occasion d'engager un bon candidat.<\/span><\/a><\/p><p class=\"elementor-image-box-description\"><b>VP des op\u00e9rations en A.I - <\/b> Priv\u00e9<\/p><\/div><\/div>\t\t\t\t<\/div>\n\t\t\t\t<\/div>\n\t\t\t\t\t<\/div>\n\t\t<\/div>\n\t\t\t\t\t<\/div>\n\t\t<\/section>\n\t\t\t\t\t<\/div>\n\t\t<\/div>\n\t\t\t\t\t<\/div>\n\t\t<\/section>\n\t\t\t\t<\/div>\n\t\t","protected":false},"excerpt":{"rendered":"<p>T\u00e9moignages Nos clients sont nos priorit\u00e9s et nous nous effor\u00e7ons de d\u00e9passer les attentes de nos clients. t\u00e9moignages Voici ce que nos clients disent de Tannous HR Solutions Elsa de THS est un partenaire de recrutement efficace ! Du d\u00e9but \u00e0 la fin de la collaboration, elle est attentive et disponible et assure un suivi [&hellip;]<\/p>\n","protected":false},"author":1,"featured_media":0,"parent":0,"menu_order":0,"comment_status":"closed","ping_status":"closed","template":"elementor_header_footer","meta":{"footnotes":""},"class_list":["post-2038","page","type-page","status-publish","hentry"],"_links":{"self":[{"href":"https:\/\/tannoushrsolutions.ca\/fr\/wp-json\/wp\/v2\/pages\/2038","targetHints":{"allow":["GET"]}}],"collection":[{"href":"https:\/\/tannoushrsolutions.ca\/fr\/wp-json\/wp\/v2\/pages"}],"about":[{"href":"https:\/\/tannoushrsolutions.ca\/fr\/wp-json\/wp\/v2\/types\/page"}],"author":[{"embeddable":true,"href":"https:\/\/tannoushrsolutions.ca\/fr\/wp-json\/wp\/v2\/users\/1"}],"replies":[{"embeddable":true,"href":"https:\/\/tannoushrsolutions.ca\/fr\/wp-json\/wp\/v2\/comments?post=2038"}],"version-history":[{"count":5,"href":"https:\/\/tannoushrsolutions.ca\/fr\/wp-json\/wp\/v2\/pages\/2038\/revisions"}],"predecessor-version":[{"id":2447,"href":"https:\/\/tannoushrsolutions.ca\/fr\/wp-json\/wp\/v2\/pages\/2038\/revisions\/2447"}],"wp:attachment":[{"href":"https:\/\/tannoushrsolutions.ca\/fr\/wp-json\/wp\/v2\/media?parent=2038"}],"curies":[{"name":"wp","href":"https:\/\/api.w.org\/{rel}","templated":true}]}}